{"id":84,"date":"2021-10-31T15:24:27","date_gmt":"2021-10-31T14:24:27","guid":{"rendered":"http:\/\/wytiwisq.fr\/?page_id=84"},"modified":"2021-11-02T18:56:46","modified_gmt":"2021-11-02T17:56:46","slug":"accueil","status":"publish","type":"page","link":"https:\/\/wytiwisq.fr\/","title":{"rendered":""},"content":{"rendered":"\n<div class=\"wp-block-image\"><figure class=\"aligncenter size-full\"><img loading=\"lazy\" decoding=\"async\" width=\"400\" height=\"271\" src=\"https:\/\/wytiwisq.fr\/wp-content\/uploads\/2021\/11\/enterement-vie-de-jeune-fille.jpg\" alt=\"\" class=\"wp-image-110\" srcset=\"https:\/\/wytiwisq.fr\/wp-content\/uploads\/2021\/11\/enterement-vie-de-jeune-fille.jpg 400w, https:\/\/wytiwisq.fr\/wp-content\/uploads\/2021\/11\/enterement-vie-de-jeune-fille-300x203.jpg 300w\" sizes=\"auto, (max-width: 400px) 100vw, 400px\" \/><\/figure><\/div>\n\n\n\n<p>Bonjour, <\/p>\n\n\n\n<p>Si vous souhaitez apprendre \u00e0 danser que ce soit seule pour vous sentir confiant(es) en toutes occasions ou en couple afin de vous \u00e9panouir dans une activit\u00e9 commune,<br>Contactez-moi!<\/p>\n\n\n\n<p>Form\u00e9e depuis de nombreuses ann\u00e9es aupr\u00e8s de grands danseurs et p\u00e9dagogues et forte d\u2019une exp\u00e9rience en comp\u00e9titions, je vous propose de suivre \u00e0 mes c\u00f4t\u00e9s des cours de danses adapt\u00e9s \u00e0 vos objectifs et \u00e0 vos envies<\/p>\n\n\n\n<p>-styles de&nbsp;danses : Valses viennoise et anglaise (lente), Quickstep, Rumba, Cha-cha-cha, Jive, Slow-Fox&#8230;<\/p>\n","protected":false},"excerpt":{"rendered":"<p>Bonjour, Si vous souhaitez apprendre \u00e0 danser que ce soit seule pour vous sentir confiant(es) en toutes occasions ou en couple afin de vous \u00e9panouir dans une activit\u00e9 commune,Contactez-moi! Form\u00e9e depuis de nombreuses ann\u00e9es aupr\u00e8s de grands danseurs et p\u00e9dagogues et forte d\u2019une exp\u00e9rience en comp\u00e9titions, je vous propose de suivre \u00e0 mes c\u00f4t\u00e9s des [&hellip;]<\/p>\n","protected":false},"author":1,"featured_media":0,"parent":0,"menu_order":0,"comment_status":"closed","ping_status":"closed","template":"","meta":{"footnotes":""},"class_list":["post-84","page","type-page","status-publish","hentry"],"_links":{"self":[{"href":"https:\/\/wytiwisq.fr\/index.php\/wp-json\/wp\/v2\/pages\/84","targetHints":{"allow":["GET"]}}],"collection":[{"href":"https:\/\/wytiwisq.fr\/index.php\/wp-json\/wp\/v2\/pages"}],"about":[{"href":"https:\/\/wytiwisq.fr\/index.php\/wp-json\/wp\/v2\/types\/page"}],"author":[{"embeddable":true,"href":"https:\/\/wytiwisq.fr\/index.php\/wp-json\/wp\/v2\/users\/1"}],"replies":[{"embeddable":true,"href":"https:\/\/wytiwisq.fr\/index.php\/wp-json\/wp\/v2\/comments?post=84"}],"version-history":[{"count":6,"href":"https:\/\/wytiwisq.fr\/index.php\/wp-json\/wp\/v2\/pages\/84\/revisions"}],"predecessor-version":[{"id":111,"href":"https:\/\/wytiwisq.fr\/index.php\/wp-json\/wp\/v2\/pages\/84\/revisions\/111"}],"wp:attachment":[{"href":"https:\/\/wytiwisq.fr\/index.php\/wp-json\/wp\/v2\/media?parent=84"}],"curies":[{"name":"wp","href":"https:\/\/api.w.org\/{rel}","templated":true}]}}