{"id":43,"date":"2021-10-31T14:27:50","date_gmt":"2021-10-31T13:27:50","guid":{"rendered":"http:\/\/wytiwisq.fr\/?page_id=43"},"modified":"2021-11-03T13:19:10","modified_gmt":"2021-11-03T12:19:10","slug":"cours-densemble","status":"publish","type":"page","link":"https:\/\/wytiwisq.fr\/index.php\/cours-densemble\/","title":{"rendered":"Cours d&#8217;ensemble"},"content":{"rendered":"\n<p>Votre association ou \u00e9cole de danse souhaite ajouter les danses de salon dans ses propositions ? <\/p>\n\n\n\n<div class=\"wp-block-image\"><figure class=\"aligncenter size-full\"><img loading=\"lazy\" decoding=\"async\" width=\"434\" height=\"303\" src=\"https:\/\/wytiwisq.fr\/wp-content\/uploads\/2021\/11\/cours.jpg\" alt=\"cours collectif\" class=\"wp-image-128\" srcset=\"https:\/\/wytiwisq.fr\/wp-content\/uploads\/2021\/11\/cours.jpg 434w, https:\/\/wytiwisq.fr\/wp-content\/uploads\/2021\/11\/cours-300x209.jpg 300w\" sizes=\"auto, (max-width: 434px) 100vw, 434px\" \/><\/figure><\/div>\n\n\n\n<p>Je vous propose \u00e9galement des cours d&#8217;ensemble de salon et &#8220;lady and men styling&#8221; \u00e0 l&#8217;ann\u00e9e pour vos associations\/\u00e9coles de danse.<\/p>\n","protected":false},"excerpt":{"rendered":"<p>Votre association ou \u00e9cole de danse souhaite ajouter les danses de salon dans ses propositions ? Je vous propose \u00e9galement des cours d&#8217;ensemble de salon et &#8220;lady and men styling&#8221; \u00e0 l&#8217;ann\u00e9e pour vos associations\/\u00e9coles de danse.<\/p>\n","protected":false},"author":1,"featured_media":0,"parent":0,"menu_order":0,"comment_status":"closed","ping_status":"closed","template":"","meta":{"footnotes":""},"class_list":["post-43","page","type-page","status-publish","hentry"],"_links":{"self":[{"href":"https:\/\/wytiwisq.fr\/index.php\/wp-json\/wp\/v2\/pages\/43","targetHints":{"allow":["GET"]}}],"collection":[{"href":"https:\/\/wytiwisq.fr\/index.php\/wp-json\/wp\/v2\/pages"}],"about":[{"href":"https:\/\/wytiwisq.fr\/index.php\/wp-json\/wp\/v2\/types\/page"}],"author":[{"embeddable":true,"href":"https:\/\/wytiwisq.fr\/index.php\/wp-json\/wp\/v2\/users\/1"}],"replies":[{"embeddable":true,"href":"https:\/\/wytiwisq.fr\/index.php\/wp-json\/wp\/v2\/comments?post=43"}],"version-history":[{"count":4,"href":"https:\/\/wytiwisq.fr\/index.php\/wp-json\/wp\/v2\/pages\/43\/revisions"}],"predecessor-version":[{"id":129,"href":"https:\/\/wytiwisq.fr\/index.php\/wp-json\/wp\/v2\/pages\/43\/revisions\/129"}],"wp:attachment":[{"href":"https:\/\/wytiwisq.fr\/index.php\/wp-json\/wp\/v2\/media?parent=43"}],"curies":[{"name":"wp","href":"https:\/\/api.w.org\/{rel}","templated":true}]}}