{"id":41,"date":"2021-10-31T14:27:50","date_gmt":"2021-10-31T13:27:50","guid":{"rendered":"http:\/\/wytiwisq.fr\/?page_id=41"},"modified":"2021-11-24T20:25:07","modified_gmt":"2021-11-24T19:25:07","slug":"choregraphie-de-mariage","status":"publish","type":"page","link":"https:\/\/wytiwisq.fr\/index.php\/choregraphie-de-mariage\/","title":{"rendered":"Chor\u00e9graphie de Mariage"},"content":{"rendered":"\n<p>Vous avez pr\u00e9vu de vous marier, toutes mes f\u00e9licitations. <\/p>\n\n\n\n<p>Je vous propose de vous aider \u00e0 transformer votre ouverture de bal en un moment magique qui restera dans les m\u00e9moires. <\/p>\n\n\n\n<div class=\"wp-block-image\"><figure class=\"aligncenter size-full\"><img loading=\"lazy\" decoding=\"async\" width=\"419\" height=\"284\" src=\"https:\/\/wytiwisq.fr\/wp-content\/uploads\/2021\/10\/danse-mariage.png\" alt=\"\" class=\"wp-image-21\" srcset=\"https:\/\/wytiwisq.fr\/wp-content\/uploads\/2021\/10\/danse-mariage.png 419w, https:\/\/wytiwisq.fr\/wp-content\/uploads\/2021\/10\/danse-mariage-300x203.png 300w\" sizes=\"auto, (max-width: 419px) 100vw, 419px\" \/><\/figure><\/div>\n\n\n\n<p>Je vous accompagnerai dans le choix de la danse, de la musique, et bien entendu dans le montage et la r\u00e9alisation de la chor\u00e9graphie pour que ce moment vous ressemble et transmette tout l&#8217;amour de votre couple.<\/p>\n\n\n<p><a title=\"Mariages.net\" href=\"https:\/\/www.mariages.net\"><img decoding=\"async\" class=\"aligncenter\" style=\"border-width: 0px;\" src=\"https:\/\/www.mariages.net\/images\/sellos\/label-partenaire--gg256815.png\" alt=\"Mariages.net\" \/><\/a><\/p>","protected":false},"excerpt":{"rendered":"<p>Vous avez pr\u00e9vu de vous marier, toutes mes f\u00e9licitations. Je vous propose de vous aider \u00e0 transformer votre ouverture de bal en un moment magique qui restera dans les m\u00e9moires. Je vous accompagnerai dans le choix de la danse, de la musique, et bien entendu dans le montage et la r\u00e9alisation de la chor\u00e9graphie pour [&hellip;]<\/p>\n","protected":false},"author":1,"featured_media":0,"parent":0,"menu_order":0,"comment_status":"closed","ping_status":"closed","template":"","meta":{"footnotes":""},"class_list":["post-41","page","type-page","status-publish","hentry"],"_links":{"self":[{"href":"https:\/\/wytiwisq.fr\/index.php\/wp-json\/wp\/v2\/pages\/41","targetHints":{"allow":["GET"]}}],"collection":[{"href":"https:\/\/wytiwisq.fr\/index.php\/wp-json\/wp\/v2\/pages"}],"about":[{"href":"https:\/\/wytiwisq.fr\/index.php\/wp-json\/wp\/v2\/types\/page"}],"author":[{"embeddable":true,"href":"https:\/\/wytiwisq.fr\/index.php\/wp-json\/wp\/v2\/users\/1"}],"replies":[{"embeddable":true,"href":"https:\/\/wytiwisq.fr\/index.php\/wp-json\/wp\/v2\/comments?post=41"}],"version-history":[{"count":6,"href":"https:\/\/wytiwisq.fr\/index.php\/wp-json\/wp\/v2\/pages\/41\/revisions"}],"predecessor-version":[{"id":132,"href":"https:\/\/wytiwisq.fr\/index.php\/wp-json\/wp\/v2\/pages\/41\/revisions\/132"}],"wp:attachment":[{"href":"https:\/\/wytiwisq.fr\/index.php\/wp-json\/wp\/v2\/media?parent=41"}],"curies":[{"name":"wp","href":"https:\/\/api.w.org\/{rel}","templated":true}]}}