{"id":33,"date":"2021-10-31T14:18:29","date_gmt":"2021-10-31T13:18:29","guid":{"rendered":"http:\/\/wytiwisq.fr\/?page_id=33"},"modified":"2021-11-03T13:17:04","modified_gmt":"2021-11-03T12:17:04","slug":"cours-particulier","status":"publish","type":"page","link":"https:\/\/wytiwisq.fr\/index.php\/prestations\/cours-particulier\/","title":{"rendered":"Cours particulier"},"content":{"rendered":"\n<div class=\"wp-block-image\"><figure class=\"aligncenter size-full\"><img loading=\"lazy\" decoding=\"async\" width=\"388\" height=\"251\" src=\"https:\/\/wytiwisq.fr\/wp-content\/uploads\/2021\/11\/danse_latine.png\" alt=\"cours particulier technique\" class=\"wp-image-121\" srcset=\"https:\/\/wytiwisq.fr\/wp-content\/uploads\/2021\/11\/danse_latine.png 388w, https:\/\/wytiwisq.fr\/wp-content\/uploads\/2021\/11\/danse_latine-300x194.png 300w\" sizes=\"auto, (max-width: 388px) 100vw, 388px\" \/><\/figure><\/div>\n\n\n\n<p>Venez suivre \u00e0 mes c\u00f4t\u00e9s des cours particuliers dynamiques adapt\u00e9s \u00e0 vos objectifs et \u00e0 vos go\u00fbts musicaux!<br>Que vous souhaitiez vous am\u00e9liorer techniquement, en improvisation ou vous sentir \u00e0 l\u2019aise avec votre corps ou dans votre couple, je vous accompagne dans votre\u00a0projet.<\/p>\n\n\n\n<div class=\"wp-block-image\"><figure class=\"aligncenter size-full is-resized\"><img loading=\"lazy\" decoding=\"async\" src=\"https:\/\/wytiwisq.fr\/wp-content\/uploads\/2021\/11\/retraite.jpg\" alt=\"cours particuliers communication\" class=\"wp-image-123\" width=\"398\" height=\"220\" srcset=\"https:\/\/wytiwisq.fr\/wp-content\/uploads\/2021\/11\/retraite.jpg 564w, https:\/\/wytiwisq.fr\/wp-content\/uploads\/2021\/11\/retraite-300x166.jpg 300w\" sizes=\"auto, (max-width: 398px) 100vw, 398px\" \/><\/figure><\/div>\n\n\n\n<p>Je vous propose des cours particuliers dans toutes les danses de salon : <\/p>\n\n\n\n<ul class=\"wp-block-list\"><li>Valse anglaise<\/li><li>Tango<\/li><li>Valse viennoise<\/li><li>Slow-Fox<\/li><li>Quick-step<\/li><li>Rumba<\/li><li>Cha-cha<\/li><li>Jive<\/li><li>Paso Doble<\/li><li>Samba<\/li><\/ul>\n\n\n\n<p><\/p>\n\n\n\n<p><\/p>\n","protected":false},"excerpt":{"rendered":"<p>Venez suivre \u00e0 mes c\u00f4t\u00e9s des cours particuliers dynamiques adapt\u00e9s \u00e0 vos objectifs et \u00e0 vos go\u00fbts musicaux!Que vous souhaitiez vous am\u00e9liorer techniquement, en improvisation ou vous sentir \u00e0 l\u2019aise avec votre corps ou dans votre couple, je vous accompagne dans votre\u00a0projet. Je vous propose des cours particuliers dans toutes les danses de salon : [&hellip;]<\/p>\n","protected":false},"author":1,"featured_media":0,"parent":24,"menu_order":1,"comment_status":"closed","ping_status":"closed","template":"","meta":{"footnotes":""},"class_list":["post-33","page","type-page","status-publish","hentry"],"_links":{"self":[{"href":"https:\/\/wytiwisq.fr\/index.php\/wp-json\/wp\/v2\/pages\/33","targetHints":{"allow":["GET"]}}],"collection":[{"href":"https:\/\/wytiwisq.fr\/index.php\/wp-json\/wp\/v2\/pages"}],"about":[{"href":"https:\/\/wytiwisq.fr\/index.php\/wp-json\/wp\/v2\/types\/page"}],"author":[{"embeddable":true,"href":"https:\/\/wytiwisq.fr\/index.php\/wp-json\/wp\/v2\/users\/1"}],"replies":[{"embeddable":true,"href":"https:\/\/wytiwisq.fr\/index.php\/wp-json\/wp\/v2\/comments?post=33"}],"version-history":[{"count":9,"href":"https:\/\/wytiwisq.fr\/index.php\/wp-json\/wp\/v2\/pages\/33\/revisions"}],"predecessor-version":[{"id":125,"href":"https:\/\/wytiwisq.fr\/index.php\/wp-json\/wp\/v2\/pages\/33\/revisions\/125"}],"up":[{"embeddable":true,"href":"https:\/\/wytiwisq.fr\/index.php\/wp-json\/wp\/v2\/pages\/24"}],"wp:attachment":[{"href":"https:\/\/wytiwisq.fr\/index.php\/wp-json\/wp\/v2\/media?parent=33"}],"curies":[{"name":"wp","href":"https:\/\/api.w.org\/{rel}","templated":true}]}}