{"id":2,"date":"2021-10-31T12:18:38","date_gmt":"2021-10-31T11:18:38","guid":{"rendered":"http:\/\/wytiwisq.fr\/?page_id=2"},"modified":"2025-09-05T14:15:01","modified_gmt":"2025-09-05T12:15:01","slug":"page-d-exemple","status":"publish","type":"page","link":"https:\/\/wytiwisq.fr\/index.php\/page-d-exemple\/","title":{"rendered":"Qui suis-je"},"content":{"rendered":"\n<p>Bonjour je m&#8217;appelle Laure.<\/p>\n\n\n<div class=\"wp-block-image\">\n<figure class=\"aligncenter size-large is-resized\"><img loading=\"lazy\" decoding=\"async\" width=\"678\" height=\"1024\" src=\"https:\/\/wytiwisq.fr\/wp-content\/uploads\/signal-2025-09-05-140842_002-678x1024.jpeg\" alt=\"\" class=\"wp-image-161\" style=\"width:353px;height:auto\" srcset=\"https:\/\/wytiwisq.fr\/wp-content\/uploads\/signal-2025-09-05-140842_002-678x1024.jpeg 678w, https:\/\/wytiwisq.fr\/wp-content\/uploads\/signal-2025-09-05-140842_002-199x300.jpeg 199w, https:\/\/wytiwisq.fr\/wp-content\/uploads\/signal-2025-09-05-140842_002-768x1159.jpeg 768w, https:\/\/wytiwisq.fr\/wp-content\/uploads\/signal-2025-09-05-140842_002-1018x1536.jpeg 1018w, https:\/\/wytiwisq.fr\/wp-content\/uploads\/signal-2025-09-05-140842_002.jpeg 1080w\" sizes=\"auto, (max-width: 678px) 100vw, 678px\" \/><\/figure><\/div>\n\n\n<p class=\"has-text-align-center\">Danseuse depuis 2008, comp\u00e9titrice depuis 2012, j\u2019ai particip\u00e9 aux <strong>Coupes de France<\/strong> (danses latines et standard), aux <strong>Championnats de France<\/strong> (latine, standard et 10 danses), ainsi qu\u2019au <strong>Championnat d\u2019Europe 10 danses<\/strong>. J\u2019ai \u00e9galement \u00e9t\u00e9 <strong>taxi danseuse<\/strong>, au service du partage et du plaisir de danser avec tous les niveaux. je vous propose de partager ma passion \u00e0 travers des cours particuliers, des animations de soir\u00e9e\u2026<\/p>\n\n\n<div class=\"wp-block-image\">\n<figure class=\"aligncenter size-large is-resized\"><img loading=\"lazy\" decoding=\"async\" width=\"724\" height=\"1024\" src=\"https:\/\/wytiwisq.fr\/wp-content\/uploads\/2021\/10\/leroy2-724x1024.jpg\" alt=\"\" class=\"wp-image-78\" style=\"aspect-ratio:0.7073170731707317;width:414px;height:auto\" srcset=\"https:\/\/wytiwisq.fr\/wp-content\/uploads\/2021\/10\/leroy2-724x1024.jpg 724w, https:\/\/wytiwisq.fr\/wp-content\/uploads\/2021\/10\/leroy2-212x300.jpg 212w, https:\/\/wytiwisq.fr\/wp-content\/uploads\/2021\/10\/leroy2-768x1086.jpg 768w, https:\/\/wytiwisq.fr\/wp-content\/uploads\/2021\/10\/leroy2.jpg 794w\" sizes=\"auto, (max-width: 724px) 100vw, 724px\" \/><\/figure><\/div>\n\n\n<p>  <\/p>\n\n\n<div class=\"wp-block-image\">\n<figure class=\"aligncenter size-large is-resized\"><img loading=\"lazy\" decoding=\"async\" width=\"683\" height=\"1024\" src=\"https:\/\/wytiwisq.fr\/wp-content\/uploads\/signal-2025-09-05-140845_002-683x1024.jpeg\" alt=\"\" class=\"wp-image-163\" style=\"width:421px;height:auto\" srcset=\"https:\/\/wytiwisq.fr\/wp-content\/uploads\/signal-2025-09-05-140845_002-683x1024.jpeg 683w, https:\/\/wytiwisq.fr\/wp-content\/uploads\/signal-2025-09-05-140845_002-200x300.jpeg 200w, https:\/\/wytiwisq.fr\/wp-content\/uploads\/signal-2025-09-05-140845_002-768x1152.jpeg 768w, https:\/\/wytiwisq.fr\/wp-content\/uploads\/signal-2025-09-05-140845_002.jpeg 1000w\" sizes=\"auto, (max-width: 683px) 100vw, 683px\" \/><\/figure><\/div>","protected":false},"excerpt":{"rendered":"<p>Bonjour je m&#8217;appelle Laure. Danseuse depuis 2008, comp\u00e9titrice depuis 2012, j\u2019ai particip\u00e9 aux Coupes de France (danses latines et standard), aux Championnats de France (latine, standard et 10 danses), ainsi qu\u2019au Championnat d\u2019Europe 10 danses. J\u2019ai \u00e9galement \u00e9t\u00e9 taxi danseuse, au service du partage et du plaisir de danser avec tous les niveaux. je vous [&hellip;]<\/p>\n","protected":false},"author":1,"featured_media":0,"parent":0,"menu_order":0,"comment_status":"closed","ping_status":"open","template":"","meta":{"footnotes":""},"class_list":["post-2","page","type-page","status-publish","hentry"],"_links":{"self":[{"href":"https:\/\/wytiwisq.fr\/index.php\/wp-json\/wp\/v2\/pages\/2","targetHints":{"allow":["GET"]}}],"collection":[{"href":"https:\/\/wytiwisq.fr\/index.php\/wp-json\/wp\/v2\/pages"}],"about":[{"href":"https:\/\/wytiwisq.fr\/index.php\/wp-json\/wp\/v2\/types\/page"}],"author":[{"embeddable":true,"href":"https:\/\/wytiwisq.fr\/index.php\/wp-json\/wp\/v2\/users\/1"}],"replies":[{"embeddable":true,"href":"https:\/\/wytiwisq.fr\/index.php\/wp-json\/wp\/v2\/comments?post=2"}],"version-history":[{"count":10,"href":"https:\/\/wytiwisq.fr\/index.php\/wp-json\/wp\/v2\/pages\/2\/revisions"}],"predecessor-version":[{"id":166,"href":"https:\/\/wytiwisq.fr\/index.php\/wp-json\/wp\/v2\/pages\/2\/revisions\/166"}],"wp:attachment":[{"href":"https:\/\/wytiwisq.fr\/index.php\/wp-json\/wp\/v2\/media?parent=2"}],"curies":[{"name":"wp","href":"https:\/\/api.w.org\/{rel}","templated":true}]}}